{"id":91,"date":"2024-08-05T09:28:00","date_gmt":"2024-08-05T09:28:00","guid":{"rendered":"https:\/\/bi-ge.ch\/?page_id=91"},"modified":"2024-08-05T09:28:00","modified_gmt":"2024-08-05T09:28:00","slug":"theorie-buchdruck","status":"publish","type":"page","link":"https:\/\/bi-ge.ch\/index.php\/theorie-buchdruck\/","title":{"rendered":"Theorie Buchdruck"},"content":{"rendered":"\n<p>Es gab bereits in der Antike M\u00f6glichkeiten, Ideen schriftlich festzuhalten. Es wurde in Stein gemeisselt, auf Wachstafeln geschrieben oder auf Pergament (bearbeitete Tierh\u00e4ute). Die \u00c4gypter waren die ersten, die Papier hatten (Papyrus). Jedoch blieb ein Problem, dass die Texte von Hand geschrieben werden mussten. Deswegen war Papier auch rar und nur wenige gelehrte Menschen konnten \u00fcberhaupt lesen. <\/p>\n\n\n\n<p>Um im Mittelalter eine Bibel zu kopieren, war ein M\u00f6nch mehrere Monate dran, um ein einziges Exemplar herzustellen.<\/p>\n\n\n\n<figure class=\"wp-block-image size-large\"><img loading=\"lazy\" decoding=\"async\" width=\"1024\" height=\"666\" src=\"https:\/\/bi-ge.ch\/wp-content\/uploads\/2024\/08\/Bildschirmfoto-2024-08-05-um-11.19.34-1024x666.png\" alt=\"\" class=\"wp-image-93\" srcset=\"https:\/\/bi-ge.ch\/wp-content\/uploads\/2024\/08\/Bildschirmfoto-2024-08-05-um-11.19.34-1024x666.png 1024w, https:\/\/bi-ge.ch\/wp-content\/uploads\/2024\/08\/Bildschirmfoto-2024-08-05-um-11.19.34-300x195.png 300w, https:\/\/bi-ge.ch\/wp-content\/uploads\/2024\/08\/Bildschirmfoto-2024-08-05-um-11.19.34-768x500.png 768w, https:\/\/bi-ge.ch\/wp-content\/uploads\/2024\/08\/Bildschirmfoto-2024-08-05-um-11.19.34-1536x999.png 1536w, https:\/\/bi-ge.ch\/wp-content\/uploads\/2024\/08\/Bildschirmfoto-2024-08-05-um-11.19.34-1568x1020.png 1568w, https:\/\/bi-ge.ch\/wp-content\/uploads\/2024\/08\/Bildschirmfoto-2024-08-05-um-11.19.34.png 1832w\" sizes=\"auto, (max-width: 1024px) 100vw, 1024px\" \/><figcaption class=\"wp-element-caption\">Bibel, von Hand kopiert<\/figcaption><\/figure>\n\n\n\n<p>Dies \u00e4nderte sich jedoch im Jahr 1452, als Johannes Gutenberg den Buchdruck erfand. Dank diesem Verfahren konnten B\u00fccher pl\u00f6tzlich einfach, schnell und vor allem in grosser Zahl kopiert werden. Die Menschen begannen, lesen und schreiben zu lernen. Wissen konnte sich so rasend schnell verbreiten. <\/p>\n\n\n\n<figure class=\"wp-block-image size-large\"><img loading=\"lazy\" decoding=\"async\" width=\"1024\" height=\"825\" src=\"https:\/\/bi-ge.ch\/wp-content\/uploads\/2024\/08\/Bildschirmfoto-2024-08-05-um-11.20.29-1024x825.png\" alt=\"\" class=\"wp-image-92\" srcset=\"https:\/\/bi-ge.ch\/wp-content\/uploads\/2024\/08\/Bildschirmfoto-2024-08-05-um-11.20.29-1024x825.png 1024w, https:\/\/bi-ge.ch\/wp-content\/uploads\/2024\/08\/Bildschirmfoto-2024-08-05-um-11.20.29-300x242.png 300w, https:\/\/bi-ge.ch\/wp-content\/uploads\/2024\/08\/Bildschirmfoto-2024-08-05-um-11.20.29-768x619.png 768w, https:\/\/bi-ge.ch\/wp-content\/uploads\/2024\/08\/Bildschirmfoto-2024-08-05-um-11.20.29.png 1452w\" sizes=\"auto, (max-width: 1024px) 100vw, 1024px\" \/><figcaption class=\"wp-element-caption\">Gutenberg Bibel, gedruckt<\/figcaption><\/figure>\n\n\n\n<p>Gutenberg hat so einen riesigen Beitrag zur Moderne geliefert.<\/p>\n","protected":false},"excerpt":{"rendered":"<p>Es gab bereits in der Antike M\u00f6glichkeiten, Ideen schriftlich festzuhalten. Es wurde in Stein gemeisselt, auf Wachstafeln geschrieben oder auf Pergament (bearbeitete Tierh\u00e4ute). Die \u00c4gypter waren die ersten, die Papier hatten (Papyrus). Jedoch blieb ein Problem, dass die Texte von Hand geschrieben werden mussten. Deswegen war Papier auch rar und nur wenige gelehrte Menschen konnten&hellip; <a class=\"more-link\" href=\"https:\/\/bi-ge.ch\/index.php\/theorie-buchdruck\/\"><span class=\"screen-reader-text\">Theorie Buchdruck<\/span> weiterlesen<\/a><\/p>\n","protected":false},"author":1,"featured_media":0,"parent":0,"menu_order":0,"comment_status":"closed","ping_status":"closed","template":"","meta":{"footnotes":""},"class_list":["post-91","page","type-page","status-publish","hentry","entry"],"_links":{"self":[{"href":"https:\/\/bi-ge.ch\/index.php\/wp-json\/wp\/v2\/pages\/91","targetHints":{"allow":["GET"]}}],"collection":[{"href":"https:\/\/bi-ge.ch\/index.php\/wp-json\/wp\/v2\/pages"}],"about":[{"href":"https:\/\/bi-ge.ch\/index.php\/wp-json\/wp\/v2\/types\/page"}],"author":[{"embeddable":true,"href":"https:\/\/bi-ge.ch\/index.php\/wp-json\/wp\/v2\/users\/1"}],"replies":[{"embeddable":true,"href":"https:\/\/bi-ge.ch\/index.php\/wp-json\/wp\/v2\/comments?post=91"}],"version-history":[{"count":1,"href":"https:\/\/bi-ge.ch\/index.php\/wp-json\/wp\/v2\/pages\/91\/revisions"}],"predecessor-version":[{"id":94,"href":"https:\/\/bi-ge.ch\/index.php\/wp-json\/wp\/v2\/pages\/91\/revisions\/94"}],"wp:attachment":[{"href":"https:\/\/bi-ge.ch\/index.php\/wp-json\/wp\/v2\/media?parent=91"}],"curies":[{"name":"wp","href":"https:\/\/api.w.org\/{rel}","templated":true}]}}