{"id":56,"date":"2024-07-09T14:28:28","date_gmt":"2024-07-09T14:28:28","guid":{"rendered":"https:\/\/bi-ge.ch\/?page_id=56"},"modified":"2024-10-18T09:10:23","modified_gmt":"2024-10-18T09:10:23","slug":"tiefdruck","status":"publish","type":"page","link":"https:\/\/bi-ge.ch\/index.php\/tiefdruck\/","title":{"rendered":"Tiefdruck"},"content":{"rendered":"\n<p>Beim Tiefdruck nimmst Du eine Platte (z.B. Metall) und kratzt mit einem spitzen Gegenstand (z.B. ein Nagel) ein Bild ein. Du kannst auch die Innenseite eines Tetrapack (Milch, Saft) nehmen. Das Tetrapack sollte eine beschichtete Innenfolie haben (Aluminium).<\/p>\n\n\n\n<figure class=\"wp-block-image size-full\"><img decoding=\"async\" src=\"https:\/\/bi-ge.ch\/wp-content\/uploads\/2024\/10\/IMG_1901.heic\" alt=\"\" class=\"wp-image-150\"\/><\/figure>\n\n\n\n<p>Wenn Du Deine Platte vorbereitet hast, massierst Du mit dem Finger Farbe so auf die Platte, dass die Farbe in alle Ritzen dringt. Anschliessend kannst Du mit etwas Zeitungspapier die \u00fcbersch\u00fcssige Farbe von der Plattenoberfl\u00e4che wegwischen. Beim Tiefdruck ben\u00f6tigst Du unbedingt eine Druckpresse. Lege eine zus\u00e4tzlich eine leere Linolplatte auf die geschnitzte Folie, um den Druck der Presse zu erh\u00f6hen.<\/p>\n\n\n\n<p>Wichtig ist auch, dass das Druckpapier vorher feucht gemacht wird. so kann es die Farbe gut aufnehmen. Am besten machst Du ein Haushaltspapier feucht und legst dann das Papier, bevor Du druckst, kurz auf die feuchte Unterlage.<\/p>\n\n\n\n<figure class=\"wp-block-image size-large\"><img loading=\"lazy\" decoding=\"async\" width=\"768\" height=\"1024\" src=\"https:\/\/bi-ge.ch\/wp-content\/uploads\/2024\/10\/IMG_1900-768x1024.jpeg\" alt=\"\" class=\"wp-image-151\" srcset=\"https:\/\/bi-ge.ch\/wp-content\/uploads\/2024\/10\/IMG_1900-768x1024.jpeg 768w, https:\/\/bi-ge.ch\/wp-content\/uploads\/2024\/10\/IMG_1900-225x300.jpeg 225w, https:\/\/bi-ge.ch\/wp-content\/uploads\/2024\/10\/IMG_1900-1152x1536.jpeg 1152w, https:\/\/bi-ge.ch\/wp-content\/uploads\/2024\/10\/IMG_1900-1536x2048.jpeg 1536w, https:\/\/bi-ge.ch\/wp-content\/uploads\/2024\/10\/IMG_1900-1568x2091.jpeg 1568w, https:\/\/bi-ge.ch\/wp-content\/uploads\/2024\/10\/IMG_1900-scaled.jpeg 1920w\" sizes=\"auto, (max-width: 768px) 100vw, 768px\" \/><\/figure>\n\n\n\n<p>Das fertige Produkt sieht dann so aus:<\/p>\n\n\n\n<figure class=\"wp-block-image size-large\"><img loading=\"lazy\" decoding=\"async\" width=\"922\" height=\"1024\" src=\"https:\/\/bi-ge.ch\/wp-content\/uploads\/2024\/10\/IMG_1899-922x1024.jpeg\" alt=\"\" class=\"wp-image-153\" srcset=\"https:\/\/bi-ge.ch\/wp-content\/uploads\/2024\/10\/IMG_1899-922x1024.jpeg 922w, https:\/\/bi-ge.ch\/wp-content\/uploads\/2024\/10\/IMG_1899-270x300.jpeg 270w, https:\/\/bi-ge.ch\/wp-content\/uploads\/2024\/10\/IMG_1899-768x853.jpeg 768w, https:\/\/bi-ge.ch\/wp-content\/uploads\/2024\/10\/IMG_1899-1382x1536.jpeg 1382w, https:\/\/bi-ge.ch\/wp-content\/uploads\/2024\/10\/IMG_1899-1843x2048.jpeg 1843w, https:\/\/bi-ge.ch\/wp-content\/uploads\/2024\/10\/IMG_1899-1568x1742.jpeg 1568w, https:\/\/bi-ge.ch\/wp-content\/uploads\/2024\/10\/IMG_1899.jpeg 1970w\" sizes=\"auto, (max-width: 922px) 100vw, 922px\" \/><figcaption class=\"wp-element-caption\">Dies ist das japanische Zeichen f\u00fcr Wasser (mizu)<\/figcaption><\/figure>\n","protected":false},"excerpt":{"rendered":"<p>Beim Tiefdruck nimmst Du eine Platte (z.B. Metall) und kratzt mit einem spitzen Gegenstand (z.B. ein Nagel) ein Bild ein. Du kannst auch die Innenseite eines Tetrapack (Milch, Saft) nehmen. Das Tetrapack sollte eine beschichtete Innenfolie haben (Aluminium). Wenn Du Deine Platte vorbereitet hast, massierst Du mit dem Finger Farbe so auf die Platte, dass&hellip; <a class=\"more-link\" href=\"https:\/\/bi-ge.ch\/index.php\/tiefdruck\/\"><span class=\"screen-reader-text\">Tiefdruck<\/span> weiterlesen<\/a><\/p>\n","protected":false},"author":1,"featured_media":0,"parent":0,"menu_order":0,"comment_status":"closed","ping_status":"closed","template":"","meta":{"footnotes":""},"class_list":["post-56","page","type-page","status-publish","hentry","entry"],"_links":{"self":[{"href":"https:\/\/bi-ge.ch\/index.php\/wp-json\/wp\/v2\/pages\/56","targetHints":{"allow":["GET"]}}],"collection":[{"href":"https:\/\/bi-ge.ch\/index.php\/wp-json\/wp\/v2\/pages"}],"about":[{"href":"https:\/\/bi-ge.ch\/index.php\/wp-json\/wp\/v2\/types\/page"}],"author":[{"embeddable":true,"href":"https:\/\/bi-ge.ch\/index.php\/wp-json\/wp\/v2\/users\/1"}],"replies":[{"embeddable":true,"href":"https:\/\/bi-ge.ch\/index.php\/wp-json\/wp\/v2\/comments?post=56"}],"version-history":[{"count":4,"href":"https:\/\/bi-ge.ch\/index.php\/wp-json\/wp\/v2\/pages\/56\/revisions"}],"predecessor-version":[{"id":154,"href":"https:\/\/bi-ge.ch\/index.php\/wp-json\/wp\/v2\/pages\/56\/revisions\/154"}],"wp:attachment":[{"href":"https:\/\/bi-ge.ch\/index.php\/wp-json\/wp\/v2\/media?parent=56"}],"curies":[{"name":"wp","href":"https:\/\/api.w.org\/{rel}","templated":true}]}}