{"id":53,"date":"2024-07-09T14:24:11","date_gmt":"2024-07-09T14:24:11","guid":{"rendered":"https:\/\/bi-ge.ch\/?page_id=53"},"modified":"2024-08-05T05:42:20","modified_gmt":"2024-08-05T05:42:20","slug":"papierherstellung","status":"publish","type":"page","link":"https:\/\/bi-ge.ch\/index.php\/papierherstellung\/","title":{"rendered":"Papierherstellung"},"content":{"rendered":"\n<p>F\u00fcr die Papierherstellung brauchst Du:<\/p>\n\n\n\n<ul class=\"wp-block-list\">\n<li>alte Zeitungen oder sonst einen &#8222;Rohstoff&#8220;, den Du zu neuem Papier verarbeiten m\u00f6chtest.<\/li>\n\n\n\n<li>Wasser in einem grossen Wasserbecken (gross genug, um einen Holzrahmen, der 15cm x 20cm ist, darin bewegen zu k\u00f6nnen.<\/li>\n\n\n\n<li>Ein Sch\u00f6pfsieb<\/li>\n\n\n\n<li>Einen P\u00fcrierstab oder einen Mixer<\/li>\n\n\n\n<li>K\u00fcchent\u00fccher zum trocknen des Papiers<\/li>\n\n\n\n<li>Ein Nudelholz zum pressen<\/li>\n<\/ul>\n\n\n\n<figure class=\"wp-block-image size-large\"><img loading=\"lazy\" decoding=\"async\" width=\"768\" height=\"1024\" src=\"https:\/\/bi-ge.ch\/wp-content\/uploads\/2024\/07\/IMG_1427-768x1024.jpeg\" alt=\"\" class=\"wp-image-60\" srcset=\"https:\/\/bi-ge.ch\/wp-content\/uploads\/2024\/07\/IMG_1427-768x1024.jpeg 768w, https:\/\/bi-ge.ch\/wp-content\/uploads\/2024\/07\/IMG_1427-225x300.jpeg 225w, https:\/\/bi-ge.ch\/wp-content\/uploads\/2024\/07\/IMG_1427-1152x1536.jpeg 1152w, https:\/\/bi-ge.ch\/wp-content\/uploads\/2024\/07\/IMG_1427-1536x2048.jpeg 1536w, https:\/\/bi-ge.ch\/wp-content\/uploads\/2024\/07\/IMG_1427-1568x2091.jpeg 1568w, https:\/\/bi-ge.ch\/wp-content\/uploads\/2024\/07\/IMG_1427-scaled.jpeg 1920w\" sizes=\"auto, (max-width: 768px) 100vw, 768px\" \/><figcaption class=\"wp-element-caption\">Rahmen zum sch\u00f6pfen, selber hergestellt<\/figcaption><\/figure>\n\n\n\n<p>Vorgehen:<\/p>\n\n\n\n<ul class=\"wp-block-list\">\n<li>Zerschnipplse Papier in kleine St\u00fccke und gib sie in warmes Wasser. Achte Dich darauf, dass das Wasser nur dazu dient, ein matschige Masse herzustellen.<\/li>\n<\/ul>\n\n\n\n<figure class=\"wp-block-image size-large\"><img loading=\"lazy\" decoding=\"async\" width=\"1024\" height=\"768\" src=\"https:\/\/bi-ge.ch\/wp-content\/uploads\/2024\/08\/IMG_1499-1024x768.jpeg\" alt=\"\" class=\"wp-image-82\" srcset=\"https:\/\/bi-ge.ch\/wp-content\/uploads\/2024\/08\/IMG_1499-1024x768.jpeg 1024w, https:\/\/bi-ge.ch\/wp-content\/uploads\/2024\/08\/IMG_1499-300x225.jpeg 300w, https:\/\/bi-ge.ch\/wp-content\/uploads\/2024\/08\/IMG_1499-768x576.jpeg 768w, https:\/\/bi-ge.ch\/wp-content\/uploads\/2024\/08\/IMG_1499-1536x1152.jpeg 1536w, https:\/\/bi-ge.ch\/wp-content\/uploads\/2024\/08\/IMG_1499-2048x1536.jpeg 2048w, https:\/\/bi-ge.ch\/wp-content\/uploads\/2024\/08\/IMG_1499-1568x1176.jpeg 1568w\" sizes=\"auto, (max-width: 1024px) 100vw, 1024px\" \/><\/figure>\n\n\n\n<ul class=\"wp-block-list\">\n<li>P\u00fcriere das Gemisch anschliessend.<\/li>\n<\/ul>\n\n\n\n<figure class=\"wp-block-image size-large\"><img loading=\"lazy\" decoding=\"async\" width=\"768\" height=\"1024\" src=\"https:\/\/bi-ge.ch\/wp-content\/uploads\/2024\/08\/IMG_1500-768x1024.jpeg\" alt=\"\" class=\"wp-image-83\" srcset=\"https:\/\/bi-ge.ch\/wp-content\/uploads\/2024\/08\/IMG_1500-768x1024.jpeg 768w, https:\/\/bi-ge.ch\/wp-content\/uploads\/2024\/08\/IMG_1500-225x300.jpeg 225w, https:\/\/bi-ge.ch\/wp-content\/uploads\/2024\/08\/IMG_1500-1152x1536.jpeg 1152w, https:\/\/bi-ge.ch\/wp-content\/uploads\/2024\/08\/IMG_1500-1536x2048.jpeg 1536w, https:\/\/bi-ge.ch\/wp-content\/uploads\/2024\/08\/IMG_1500-1568x2091.jpeg 1568w, https:\/\/bi-ge.ch\/wp-content\/uploads\/2024\/08\/IMG_1500-scaled.jpeg 1920w\" sizes=\"auto, (max-width: 768px) 100vw, 768px\" \/><\/figure>\n\n\n\n<figure class=\"wp-block-image size-large\"><img loading=\"lazy\" decoding=\"async\" width=\"768\" height=\"1024\" src=\"https:\/\/bi-ge.ch\/wp-content\/uploads\/2024\/08\/IMG_1506-768x1024.jpeg\" alt=\"\" class=\"wp-image-84\" srcset=\"https:\/\/bi-ge.ch\/wp-content\/uploads\/2024\/08\/IMG_1506-768x1024.jpeg 768w, https:\/\/bi-ge.ch\/wp-content\/uploads\/2024\/08\/IMG_1506-225x300.jpeg 225w, https:\/\/bi-ge.ch\/wp-content\/uploads\/2024\/08\/IMG_1506-1152x1536.jpeg 1152w, https:\/\/bi-ge.ch\/wp-content\/uploads\/2024\/08\/IMG_1506-1536x2048.jpeg 1536w, https:\/\/bi-ge.ch\/wp-content\/uploads\/2024\/08\/IMG_1506-1568x2091.jpeg 1568w, https:\/\/bi-ge.ch\/wp-content\/uploads\/2024\/08\/IMG_1506-scaled.jpeg 1920w\" sizes=\"auto, (max-width: 768px) 100vw, 768px\" \/><\/figure>\n\n\n\n<ul class=\"wp-block-list\">\n<li>Bereite Deine Werkzeuge vor.<\/li>\n<\/ul>\n\n\n\n<figure class=\"wp-block-image size-large\"><img loading=\"lazy\" decoding=\"async\" width=\"1024\" height=\"768\" src=\"https:\/\/bi-ge.ch\/wp-content\/uploads\/2024\/08\/IMG_1508-1024x768.jpeg\" alt=\"\" class=\"wp-image-85\" srcset=\"https:\/\/bi-ge.ch\/wp-content\/uploads\/2024\/08\/IMG_1508-1024x768.jpeg 1024w, https:\/\/bi-ge.ch\/wp-content\/uploads\/2024\/08\/IMG_1508-300x225.jpeg 300w, https:\/\/bi-ge.ch\/wp-content\/uploads\/2024\/08\/IMG_1508-768x576.jpeg 768w, https:\/\/bi-ge.ch\/wp-content\/uploads\/2024\/08\/IMG_1508-1536x1152.jpeg 1536w, https:\/\/bi-ge.ch\/wp-content\/uploads\/2024\/08\/IMG_1508-2048x1536.jpeg 2048w, https:\/\/bi-ge.ch\/wp-content\/uploads\/2024\/08\/IMG_1508-1568x1176.jpeg 1568w\" sizes=\"auto, (max-width: 1024px) 100vw, 1024px\" \/><\/figure>\n\n\n\n<ul class=\"wp-block-list\">\n<li>Gib die entstandene Pulpe in eine Wanne, die mit Wasser gef\u00fcllt ist.<\/li>\n<\/ul>\n\n\n\n<figure class=\"wp-block-image size-large\"><img loading=\"lazy\" decoding=\"async\" width=\"768\" height=\"1024\" src=\"https:\/\/bi-ge.ch\/wp-content\/uploads\/2024\/08\/IMG_1510-768x1024.jpeg\" alt=\"\" class=\"wp-image-86\" srcset=\"https:\/\/bi-ge.ch\/wp-content\/uploads\/2024\/08\/IMG_1510-768x1024.jpeg 768w, https:\/\/bi-ge.ch\/wp-content\/uploads\/2024\/08\/IMG_1510-225x300.jpeg 225w, https:\/\/bi-ge.ch\/wp-content\/uploads\/2024\/08\/IMG_1510-1152x1536.jpeg 1152w, https:\/\/bi-ge.ch\/wp-content\/uploads\/2024\/08\/IMG_1510-1536x2048.jpeg 1536w, https:\/\/bi-ge.ch\/wp-content\/uploads\/2024\/08\/IMG_1510-1568x2091.jpeg 1568w, https:\/\/bi-ge.ch\/wp-content\/uploads\/2024\/08\/IMG_1510-scaled.jpeg 1920w\" sizes=\"auto, (max-width: 768px) 100vw, 768px\" \/><\/figure>\n\n\n\n<ul class=\"wp-block-list\">\n<li>Tauche den Rahmen (mit Netz nach oben) seitlich in die Wanne und hebe langsam den Rahmen gleichm\u00e4ssig aus der Wanne, so dass Du Pulpe auf dem Rahmen hast.<\/li>\n<\/ul>\n\n\n\n<figure class=\"wp-block-image size-large\"><img loading=\"lazy\" decoding=\"async\" width=\"768\" height=\"1024\" src=\"https:\/\/bi-ge.ch\/wp-content\/uploads\/2024\/08\/IMG_1511-768x1024.jpeg\" alt=\"\" class=\"wp-image-87\" srcset=\"https:\/\/bi-ge.ch\/wp-content\/uploads\/2024\/08\/IMG_1511-768x1024.jpeg 768w, https:\/\/bi-ge.ch\/wp-content\/uploads\/2024\/08\/IMG_1511-225x300.jpeg 225w, https:\/\/bi-ge.ch\/wp-content\/uploads\/2024\/08\/IMG_1511-1152x1536.jpeg 1152w, https:\/\/bi-ge.ch\/wp-content\/uploads\/2024\/08\/IMG_1511-1536x2048.jpeg 1536w, https:\/\/bi-ge.ch\/wp-content\/uploads\/2024\/08\/IMG_1511-1568x2091.jpeg 1568w, https:\/\/bi-ge.ch\/wp-content\/uploads\/2024\/08\/IMG_1511-scaled.jpeg 1920w\" sizes=\"auto, (max-width: 768px) 100vw, 768px\" \/><\/figure>\n\n\n\n<figure class=\"wp-block-image size-large\"><img loading=\"lazy\" decoding=\"async\" width=\"1024\" height=\"768\" src=\"https:\/\/bi-ge.ch\/wp-content\/uploads\/2024\/08\/IMG_1512-1024x768.jpeg\" alt=\"\" class=\"wp-image-88\" srcset=\"https:\/\/bi-ge.ch\/wp-content\/uploads\/2024\/08\/IMG_1512-1024x768.jpeg 1024w, https:\/\/bi-ge.ch\/wp-content\/uploads\/2024\/08\/IMG_1512-300x225.jpeg 300w, https:\/\/bi-ge.ch\/wp-content\/uploads\/2024\/08\/IMG_1512-768x576.jpeg 768w, https:\/\/bi-ge.ch\/wp-content\/uploads\/2024\/08\/IMG_1512-1536x1152.jpeg 1536w, https:\/\/bi-ge.ch\/wp-content\/uploads\/2024\/08\/IMG_1512-2048x1536.jpeg 2048w, https:\/\/bi-ge.ch\/wp-content\/uploads\/2024\/08\/IMG_1512-1568x1176.jpeg 1568w\" sizes=\"auto, (max-width: 1024px) 100vw, 1024px\" \/><\/figure>\n\n\n\n<ul class=\"wp-block-list\">\n<li>St\u00fcrze den Rahmen umgekehrt auf die K\u00fcchent\u00fccher, die Du vorher ausgelegt hast. <\/li>\n<\/ul>\n\n\n\n<figure class=\"wp-block-image size-large\"><img loading=\"lazy\" decoding=\"async\" width=\"768\" height=\"1024\" src=\"https:\/\/bi-ge.ch\/wp-content\/uploads\/2024\/08\/IMG_1513-768x1024.jpeg\" alt=\"\" class=\"wp-image-89\" srcset=\"https:\/\/bi-ge.ch\/wp-content\/uploads\/2024\/08\/IMG_1513-768x1024.jpeg 768w, https:\/\/bi-ge.ch\/wp-content\/uploads\/2024\/08\/IMG_1513-225x300.jpeg 225w, https:\/\/bi-ge.ch\/wp-content\/uploads\/2024\/08\/IMG_1513-1152x1536.jpeg 1152w, https:\/\/bi-ge.ch\/wp-content\/uploads\/2024\/08\/IMG_1513-1536x2048.jpeg 1536w, https:\/\/bi-ge.ch\/wp-content\/uploads\/2024\/08\/IMG_1513-1568x2091.jpeg 1568w, https:\/\/bi-ge.ch\/wp-content\/uploads\/2024\/08\/IMG_1513-scaled.jpeg 1920w\" sizes=\"auto, (max-width: 768px) 100vw, 768px\" \/><\/figure>\n\n\n\n<ul class=\"wp-block-list\">\n<li>Tupfe das Netz vorsichtig ab und entferne so m\u00f6glichst viel Wasser (Gautschen)<\/li>\n\n\n\n<li>Wenn m\u00f6glichst viel Wasser aufgetupft ist, hebe langsam den Rahmen mit dem Netz so hoch, , dass das Papier liegen bleibt (Du kannst auch von oben vorsichtig raufpusten oder vorsichtig mit zwei Fingern auf das Netz klopfen, wenn das Papier am Netz h\u00e4ngen bleibt)<\/li>\n\n\n\n<li>Wiederhole den Prozess, bis das K\u00fcchentuch vollst\u00e4ndig belegt ist.<\/li>\n\n\n\n<li>Lege ein zweites K\u00fcchentuch dar\u00fcber und rolle mit dem Nudelholz mehrfach dar\u00fcber, um m\u00f6glichst viel Wasser herauszupressen.<\/li>\n\n\n\n<li>Lasse das Papier vollst\u00e4ndig trocknen.<\/li>\n<\/ul>\n\n\n\n<p>Wenn Du gef\u00e4rbtes Papier haben m\u00f6chtest, kannst Du entweder farbiges Papier beimischen oder etwas Farbstoff dazugeben (z.B. Wasserfarben).<\/p>\n\n\n\n<p><\/p>\n\n\n\n<p>Entsorgen der \u00fcbrigen Pulpe:<\/p>\n\n\n\n<p>Leere die Pulpe durch einen Sch\u00f6pfrahmen durch. Die so gesammelte Pulpe kannst Du zusammenquetschen und ins Altpapier geben.<\/p>\n\n\n\n<p><\/p>\n","protected":false},"excerpt":{"rendered":"<p>F\u00fcr die Papierherstellung brauchst Du: Vorgehen: Wenn Du gef\u00e4rbtes Papier haben m\u00f6chtest, kannst Du entweder farbiges Papier beimischen oder etwas Farbstoff dazugeben (z.B. Wasserfarben). Entsorgen der \u00fcbrigen Pulpe: Leere die Pulpe durch einen Sch\u00f6pfrahmen durch. Die so gesammelte Pulpe kannst Du zusammenquetschen und ins Altpapier geben.<\/p>\n","protected":false},"author":1,"featured_media":0,"parent":0,"menu_order":0,"comment_status":"closed","ping_status":"closed","template":"","meta":{"footnotes":""},"class_list":["post-53","page","type-page","status-publish","hentry","entry"],"_links":{"self":[{"href":"https:\/\/bi-ge.ch\/index.php\/wp-json\/wp\/v2\/pages\/53","targetHints":{"allow":["GET"]}}],"collection":[{"href":"https:\/\/bi-ge.ch\/index.php\/wp-json\/wp\/v2\/pages"}],"about":[{"href":"https:\/\/bi-ge.ch\/index.php\/wp-json\/wp\/v2\/types\/page"}],"author":[{"embeddable":true,"href":"https:\/\/bi-ge.ch\/index.php\/wp-json\/wp\/v2\/users\/1"}],"replies":[{"embeddable":true,"href":"https:\/\/bi-ge.ch\/index.php\/wp-json\/wp\/v2\/comments?post=53"}],"version-history":[{"count":7,"href":"https:\/\/bi-ge.ch\/index.php\/wp-json\/wp\/v2\/pages\/53\/revisions"}],"predecessor-version":[{"id":90,"href":"https:\/\/bi-ge.ch\/index.php\/wp-json\/wp\/v2\/pages\/53\/revisions\/90"}],"wp:attachment":[{"href":"https:\/\/bi-ge.ch\/index.php\/wp-json\/wp\/v2\/media?parent=53"}],"curies":[{"name":"wp","href":"https:\/\/api.w.org\/{rel}","templated":true}]}}