{"id":122,"date":"2024-08-16T08:24:31","date_gmt":"2024-08-16T08:24:31","guid":{"rendered":"https:\/\/bi-ge.ch\/?page_id=122"},"modified":"2024-08-16T08:29:20","modified_gmt":"2024-08-16T08:29:20","slug":"aufbauendes-gestalten-figur-tier-fantasie","status":"publish","type":"page","link":"https:\/\/bi-ge.ch\/index.php\/aufbauendes-gestalten-figur-tier-fantasie\/","title":{"rendered":"Aufbauendes Gestalten: Figur\/Tier\/Fantasie"},"content":{"rendered":"\n<p>Folgend kannst Du eine Projektdokumentation von Frau B\u00fccheler lesen. Die Dokumentation hilft Dir, den Prozess zu verstehen und im Anschluss selber nachzubauen.<\/p>\n\n\n\n<p><strong>Idee und Inspiration<\/strong><\/p>\n\n\n\n<p>Das Tier, das wir f\u00fcr diese Arbeit als geeignet fanden, war f\u00fcr uns von Anfang an die Gottesanbeterin. Wichtig war uns dabei, die nat\u00fcrliche, dynamische Bewegung des Tieres in unser Werk miteinzubeziehen. Als Inspiration haben wir uns viele Bilder aus dem Internet gesucht und uns aus diesen eine \u00abTop 5\u00bb zusammengestellt. Wir haben verschiedene Ansichten und Posen betrachtet und anhand von diesen Bildern dann Skizzen erstellt.\u00a0<\/p>\n\n\n\n<figure class=\"wp-block-image size-full\"><img loading=\"lazy\" decoding=\"async\" width=\"732\" height=\"506\" src=\"https:\/\/bi-ge.ch\/wp-content\/uploads\/2024\/08\/image.jpeg\" alt=\"\" class=\"wp-image-125\" srcset=\"https:\/\/bi-ge.ch\/wp-content\/uploads\/2024\/08\/image.jpeg 732w, https:\/\/bi-ge.ch\/wp-content\/uploads\/2024\/08\/image-300x207.jpeg 300w\" sizes=\"auto, (max-width: 732px) 100vw, 732px\" \/><\/figure>\n\n\n\n<figure class=\"wp-block-image size-full\"><img loading=\"lazy\" decoding=\"async\" width=\"438\" height=\"428\" src=\"https:\/\/bi-ge.ch\/wp-content\/uploads\/2024\/08\/image-1.jpeg\" alt=\"\" class=\"wp-image-126\" srcset=\"https:\/\/bi-ge.ch\/wp-content\/uploads\/2024\/08\/image-1.jpeg 438w, https:\/\/bi-ge.ch\/wp-content\/uploads\/2024\/08\/image-1-300x293.jpeg 300w\" sizes=\"auto, (max-width: 438px) 100vw, 438px\" \/><\/figure>\n\n\n\n<figure class=\"wp-block-image size-full\"><img loading=\"lazy\" decoding=\"async\" width=\"436\" height=\"426\" src=\"https:\/\/bi-ge.ch\/wp-content\/uploads\/2024\/08\/image-2.jpeg\" alt=\"\" class=\"wp-image-127\" srcset=\"https:\/\/bi-ge.ch\/wp-content\/uploads\/2024\/08\/image-2.jpeg 436w, https:\/\/bi-ge.ch\/wp-content\/uploads\/2024\/08\/image-2-300x293.jpeg 300w\" sizes=\"auto, (max-width: 436px) 100vw, 436px\" \/><\/figure>\n\n\n\n<p><strong>Arbeitsprozess<\/strong><\/p>\n\n\n\n<p>Dann haben wir uns an den 3D-Gestaltungsprozess gewagt. Wir haben beide keine oder nur sehr wenig Erfahrung in diesem Bereich und so investierten wir viel Zeit in das Ger\u00fcst der Gottesanbeterin. Wir mussten immer wieder Pausen einlegen, das Ger\u00fcst in alle Richtungen drehen und von verschiedenen Perspektiven betrachten, um sicherzugehen, dass wir noch auf dem richtigen Weg sind. Das Vorgehen haben wir miteinander abgesprochen: zuerst haben wir das Ger\u00fcst vom Unterk\u00f6rper (ohne Beine) aus festem Draht gebogen. W\u00e4hrenddessen hat Marina den Kopf inklusive der F\u00fchler geformt. Als wir zufrieden waren, haben wir das Ger\u00fcst mit Zeitungen ausgef\u00fcllt und mit Klebeband zugedeckt. Dann standen wir vor dem Problem, dass wir den Kopf und den Unterk\u00f6rper irgendwie zusammenf\u00fchren mussten. Nur durch ein (fast) 2D-Ger\u00fcst und dicken Zeitungsrollen gelang es uns, einen gen\u00fcgend stabilen Hals \/ Oberk\u00f6rper zu formen. Dann machten wir uns an die Vorderbeine, bei denen wir uns stark an die Skizzen hielten. Oder wir versuchten es zumindest. Die Gewichtsverteilung war bis hierhin noch kein Problem, aber das \u00e4nderte sich im n\u00e4chsten Schritt, als wir die Hinterbeine formten und ausf\u00fcllten. Als wir dann als letztes noch die Arme am K\u00f6rper befestigten, kamen wir ins Schwitzen, da die Gottesanbeterin recht instabil war. Sie war schwerer als gedacht und wir mussten eine L\u00f6sung finden, wie sie schlussendlich tats\u00e4chlich stehen konnte. Wir haben dann im Prozess des Auftragens vom Gips die L\u00f6sung gefunden: Der linke Arm st\u00fctzt sich auf dem linken Bein ab, w\u00e4hrend die rechte Seite nur vom vorderen Bein gest\u00fctzt wird.<\/p>\n\n\n\n<p><strong>Reflexion<\/strong><\/p>\n\n\n\n<p>Was war vertraut, neu, ungewohnt, irritierend?<\/p>\n\n\n\n<p>Das Gestalten in 3D war f\u00fcr uns beide relativ neu bzw. wir haben es noch nicht oft gemacht. Es war ungewohnt, eine Figur von allen Seiten her zu betrachten, sodass es \u00fcberall stimmig war. Wir mussten die 2D-Skizzen in 3D umwandeln, was schwierig war umzusetzen, weshalb wir von den Skizzen auch ein wenig abgewichen sind. Das Auftragen mit Gips war Riccardo nicht neu, aber das war sehr lange her. Marina hat das noch nie gemacht, aber beide kamen gut zurecht mit dieser Methode.<\/p>\n\n\n\n<p>Welche \u00e4sthetischen Erfahrungen wurden gemacht?<\/p>\n\n\n\n<p>Unsere Figur musste nicht nur von allen Seiten her betrachtet eine nat\u00fcrliche und stimmige Pose einnehmen, sondern die Proportionen mussten stimmen und die Gewichtsverteilung musste gegeben sein. Dies war eine neue Erfahrung, die wir aber gut gemeistert haben. Wir k\u00f6nnen das verwendete Vorgehen f\u00fcr unsere Zukunft mitnehmen.<\/p>\n\n\n\n<p>Welche Aspekte w\u00e4ren f\u00fcr eine weiterf\u00fchrende Arbeit interessant?<\/p>\n\n\n\n<p>Das Kolorieren der Gottesanbeterin h\u00e4tte uns sehr gefallen, denn so h\u00e4tten wir zus\u00e4tzlich zur Struktur des K\u00f6rpers auch einiges highlighten k\u00f6nnen. Es h\u00e4tte noch zus\u00e4tzliche \u00e4sthetische Wirkung erzielt.<\/p>\n\n\n\n<p>Mit welchen Themen aus Kunst und anderen Gebieten k\u00f6nnte die Arbeit verkn\u00fcpft werden?<\/p>\n\n\n\n<p>Ganz klar das Gestalten im 3D-Bereich, aber auch mit der Anatomie zum Beispiel. Man k\u00f6nnte das BG mit NT verbinden und beispielsweise einen Frosch, den man seziert hat, lebensgross und korrekt gestalten. Oberfl\u00e4chenstrukturen k\u00f6nnte man ebenfalls untersuchen, indem man den Fokus darauflegt. Aber auch das Thema der Farben k\u00f6nnte man gut mit dieser Arbeit kombinieren. Dann k\u00f6nnten Highlights gesetzt werden, surreale oder reale Farben w\u00e4hlen und mischen usw.<\/p>\n\n\n\n<p>Was k\u00f6nnte vom Auftrag oder von der Lehrperson her besser gemacht werden?<\/p>\n\n\n\n<p>Auf jeden Fall m\u00fcsste man mehr Zeit und eine geschlossenere Aufgabenstellung geben: \u00abGestalte ein Tier (hier vielleicht sogar eine Auswahl geben), das mind. 10cm und max. 20cm hoch und lang ist. Verwende den vorgegebenen Draht f\u00fcr die Konstruktion und stopfe deine Figur mit Zeitung aus. Versiegle die Figur dann mit Malerklebeband, wenn du mit der Form zufrieden bist. Benutze dann den Gips (Material kann frei gew\u00e4hlt werden, es sollen aber alle mit demselben Material arbeiten), um die Figur fertigzustellen. Male dann deine Figur mit realen Farben an, die du selbst gemischt hast. Es soll eine nat\u00fcrliche Wirkung entstehen. Achte dabei auch auf die Schatten.<\/p>\n\n\n\n<p><strong>Prozessdokumentation anhand von Bildern<\/strong><\/p>\n\n\n\n<p><strong>Drahtger\u00fcst<\/strong><br><img decoding=\"async\" src=\"https:\/\/lh7-rt.googleusercontent.com\/docsz\/AD_4nXd2xK_j3PbrIXwcdlRAWWT0_YQ6-YChbhSrknLAB3gmau3kTbgg9RDUdzOYZwWCOPhhh1rvmn-x19R15i-wuCZBAvlDUMqeoIBIItjxrlMPnxfETMZW8ENkpIazc7lvzJ-w4MOf6ETbX3-L9Hu2MneUrdDN5e1KewHbgTxCebnSMznCe2rn6_4?key=lHdxKkS4FoigB8Co7mo28w\" width=\"306.64397048950195\" height=\"681.2341494560242\"><\/p>\n\n\n\n<figure class=\"wp-block-image\"><img decoding=\"async\" src=\"https:\/\/lh7-rt.googleusercontent.com\/docsz\/AD_4nXfv56MY57uwY3ECceFR2AsrJ9qB54u5V1sqcDx0k55VjFZltvGv4IzD1R5EsIo_tpDau-_Z2ogzWSqRIkwRKpBNvKV42unS9c2ANqxBwcY9yP6fpj552n19LgLGoZeEAVEmLSSkC1Z6wHgE0WYuzmIM3TRGZIamFtK2vAC3DqIe-PNJNSIAuNk?key=lHdxKkS4FoigB8Co7mo28w\" alt=\"\"\/><\/figure>\n\n\n\n<figure class=\"wp-block-image\"><img decoding=\"async\" src=\"https:\/\/lh7-rt.googleusercontent.com\/docsz\/AD_4nXcLPvsytianyzIEgXYiAL-8YeLC5eCDhkVvzrHkaOhlAyblmxhb7ZhFGha9JlLvASOrXayBLc_pWMv-CDil68ctlKxF1BnJY5xNdch3QiMH2DsfXd0Xnm2h71f7CWGtlGRdsA8_u8bl3dVf5WyrOZPGAAYbccTEsRaCFTZ6_B4wD_ZdPZ1x6Y0?key=lHdxKkS4FoigB8Co7mo28w\" alt=\"\"\/><\/figure>\n\n\n\n<p><strong>Zeitung und Klebeband<\/strong><img decoding=\"async\" alt=\"Ein Bild, das Text enth\u00e4lt.\n\nAutomatisch generierte Beschreibung\" src=\"https:\/\/lh7-rt.googleusercontent.com\/docsz\/AD_4nXe8JZ4p-wEb6PcUDVslqFLjbjQiKPNVFVJIK8bpOeJWtrGaC2MPPhzJSIxZwYyho14q_rfTLmP7bRo-dH8S8tz97RYYQq-Ga_K4UECqArxigzxrblsI3YoJjCuNGNBUZLUdjjVdFQg8sCBG8_oKZdPyeVP-u8UADgfOOcA2RjHop8GuJCUaNVs?key=lHdxKkS4FoigB8Co7mo28w\" width=\"432\" height=\"960.9011161327362\"><\/p>\n\n\n\n<figure class=\"wp-block-image\"><img decoding=\"async\" src=\"https:\/\/lh7-rt.googleusercontent.com\/docsz\/AD_4nXebDNH6cWMkkqY95hE8hKLGkpVaLgxctUYIIpwiL4CRV-_kfrYQKi9avdxoF8Cznkg9wnl9kamN19usKF0mhF7EA_Mz1tUfXUy1GhoxXjri7yenQPj8QVGVhWvTAjyUqp0tV9gN2hlZdNpyd5YO1lT0fU-EX8aEvajWTbsJo5VUVapi4as-Ww?key=lHdxKkS4FoigB8Co7mo28w\" alt=\"Ein Bild, das Tisch, drinnen, Mahlzeit enth\u00e4lt.\n\nAutomatisch generierte Beschreibung\"\/><\/figure>\n\n\n\n<figure class=\"wp-block-image\"><img decoding=\"async\" src=\"https:\/\/lh7-rt.googleusercontent.com\/docsz\/AD_4nXdWTYGm_7Uk9jbOmwXpKNapHSQs5gAHwCWX5R-3D1BMOlpv61Kc8kylzHNfnJDvqR8X4TQoCUj9LSSuZsGqZYc0TQUeU97RJtd9YMjUb-uzvM8tR8vco8IqTTqTMYRS7Q5uIdAkGRA0TAmJ-BZQXL5EMAb4AkR8NmIBl-6aN6e8HtOWqGyBuQ?key=lHdxKkS4FoigB8Co7mo28w\" alt=\"Ein Bild, das Fenster enth\u00e4lt.\n\nAutomatisch generierte Beschreibung\"\/><\/figure>\n\n\n\n<figure class=\"wp-block-image\"><img decoding=\"async\" src=\"https:\/\/lh7-rt.googleusercontent.com\/docsz\/AD_4nXf-VKTdmof5DX6fbevNcKJfX7WywV0Uy_E5n04tpkfIjvW_dcLIyYfiRek8pt-gmIN2_XJF9JISR8qpYyoLfpwzasGAmt9pUJUgvWzUKMuHIPgUMk0f1P-C4xUCAPjUXca_PaSm8fcU0sMW_c278Bl0JY62UPck02pR0DCHSrRNEg4R5aH_JZw?key=lHdxKkS4FoigB8Co7mo28w\" alt=\"Ein Bild, das Person, drinnen enth\u00e4lt.\n\nAutomatisch generierte Beschreibung\"\/><\/figure>\n\n\n\n<figure class=\"wp-block-image\"><img decoding=\"async\" src=\"https:\/\/lh7-rt.googleusercontent.com\/docsz\/AD_4nXdA_wokkpPaJ6HQLLqf50qdroKW4aTBdi9hDvyuKq9KRsZbaWm0102_s3rCHQRYaYzxRMPXNda3xYdnSk5r5YPyo701LY4qi7AwCNCIofijQSKf4p2s_BTb19bH1I2JKJvV5N2zBDxeib1AWj-V4iz1qDcKEvS9UyyJB9yGDJ1io66PCTU_7Hc?key=lHdxKkS4FoigB8Co7mo28w\" alt=\"Ein Bild, das drinnen, Person enth\u00e4lt.\n\nAutomatisch generierte Beschreibung\"\/><\/figure>\n\n\n\n<figure class=\"wp-block-image\"><img decoding=\"async\" src=\"https:\/\/lh7-rt.googleusercontent.com\/docsz\/AD_4nXdC11PPR71nZlg35jbJtgaJGcob777JY-XE1UMN6L4UDGnlcs5CcJrmaPnVhIr0VEaovXsUW3PvufQywLb4y-njn_pQRa_KP5qfrGnqoYDGC0gxTDGYSn3BVKXpIIRnaRUcff2OXdUmAH3o8tNLOc2yReRsizM9cwhhS6tn0IItHNbFjOrLKwM?key=lHdxKkS4FoigB8Co7mo28w\" alt=\"Ein Bild, das Text enth\u00e4lt.\n\nAutomatisch generierte Beschreibung\"\/><\/figure>\n\n\n\n<figure class=\"wp-block-image\"><img decoding=\"async\" src=\"https:\/\/lh7-rt.googleusercontent.com\/docsz\/AD_4nXfHNehu6oOudKBuwPZo6lVKoISYZcusCsAOX6sME6K7ZFc1Lma3UWUcMNYZv--FOQUj2ev3xU1e8wloStprHRhIzygpL5iB9LEyr43SLR4uq6hFv4l8EzCB_Dp_HEZTYF7fP6r4Aezg0hpcC7qucqGaojgYxtN9TOoATwCq6ovkjuftxMLAyXw?key=lHdxKkS4FoigB8Co7mo28w\" alt=\"Ein Bild, das Text enth\u00e4lt.\n\nAutomatisch generierte Beschreibung\"\/><\/figure>\n\n\n\n<p><strong>Gipsen<\/strong><\/p>\n\n\n\n<figure class=\"wp-block-image\"><img decoding=\"async\" src=\"https:\/\/lh7-rt.googleusercontent.com\/docsz\/AD_4nXc-KAof0dKfaz6eZfkY8j073glh79Jjg_SirnS8Ky3et5FIw8Nuyv-ax0oXSQG4-cAd3WEqmZx8PdTr-tPLb1FFq1uFuuWQcjC-e5i82lVsERoUZo4_oa_uLNOUcCgWsHbZ-gNABQyL2qO9KhlUnvxYlfyve-QlLi0M1Yvwq4zURpIWIhaf8g?key=lHdxKkS4FoigB8Co7mo28w\" alt=\"\"\/><\/figure>\n\n\n\n<p><strong>Endprodukt&nbsp;<\/strong><br><img loading=\"lazy\" decoding=\"async\" alt=\"Ein Bild, das drinnen enth\u00e4lt.\n\nAutomatisch generierte Beschreibung\" src=\"https:\/\/lh7-rt.googleusercontent.com\/docsz\/AD_4nXfEsl56vmbhwEpLEb48Ng64gFdh4tDBVXSbXjyux_4myAcVEEiL8TYbewYVew8gB1JtUnU6J0tXUkJjIcuptqBpZH9e5u5m2Xnzlv_Rx_N0lj9FDvkTjLH6XyY5ynM3flEIbAbpCTEsVQGQqYhpQOS5ARxclURe8_48rA9zG3DywYrOBfuZmA?key=lHdxKkS4FoigB8Co7mo28w\" width=\"586\" height=\"781\"><br><br><img loading=\"lazy\" decoding=\"async\" alt=\"Ein Bild, das drinnen enth\u00e4lt.\n\nAutomatisch generierte Beschreibung\" src=\"https:\/\/lh7-rt.googleusercontent.com\/docsz\/AD_4nXe9hO2zkbjJGDlAS2oDUCB_4jwkKkhS9A4VLLTnCkbEPAxy9SrP-7sKo0mFMOv4oQlL_PvjgL2T19yIy8W9G2ZaYpm2b2fD5Fu5c4GdDxq7_ALd0dR2PKRW9cgPADGmgB1YVJZ5JizvVJedJiCDrKAzA4NIwgn7XKwg2FQy0zKhgMxf57_FeQ?key=lHdxKkS4FoigB8Co7mo28w\" width=\"567\" height=\"425\"><img loading=\"lazy\" decoding=\"async\" alt=\"Ein Bild, das drinnen enth\u00e4lt.\n\nAutomatisch generierte Beschreibung\" src=\"https:\/\/lh7-rt.googleusercontent.com\/docsz\/AD_4nXc7WMZzTQEHQhZQF71kVkcn3IbUiCxDrQAdk9J3jHpQ_gmhmFMaK-Ey934UqBwAMS6BxnWKZwMccIvW3PkSkVxZyd42QK_9F3G_gq1kGd5kPW699kqIVr5LH_o7KFPuXuAHe3Ne1pW9Gm5x1UJ841woBt5N8ffKSAmd5aybomGNHyyZ9gehUeQ?key=lHdxKkS4FoigB8Co7mo28w\" width=\"567\" height=\"425\"><\/p>\n","protected":false},"excerpt":{"rendered":"<p>Folgend kannst Du eine Projektdokumentation von Frau B\u00fccheler lesen. Die Dokumentation hilft Dir, den Prozess zu verstehen und im Anschluss selber nachzubauen. Idee und Inspiration Das Tier, das wir f\u00fcr diese Arbeit als geeignet fanden, war f\u00fcr uns von Anfang an die Gottesanbeterin. Wichtig war uns dabei, die nat\u00fcrliche, dynamische Bewegung des Tieres in unser&hellip; <a class=\"more-link\" href=\"https:\/\/bi-ge.ch\/index.php\/aufbauendes-gestalten-figur-tier-fantasie\/\"><span class=\"screen-reader-text\">Aufbauendes Gestalten: Figur\/Tier\/Fantasie<\/span> weiterlesen<\/a><\/p>\n","protected":false},"author":1,"featured_media":0,"parent":0,"menu_order":0,"comment_status":"closed","ping_status":"closed","template":"","meta":{"footnotes":""},"class_list":["post-122","page","type-page","status-publish","hentry","entry"],"_links":{"self":[{"href":"https:\/\/bi-ge.ch\/index.php\/wp-json\/wp\/v2\/pages\/122","targetHints":{"allow":["GET"]}}],"collection":[{"href":"https:\/\/bi-ge.ch\/index.php\/wp-json\/wp\/v2\/pages"}],"about":[{"href":"https:\/\/bi-ge.ch\/index.php\/wp-json\/wp\/v2\/types\/page"}],"author":[{"embeddable":true,"href":"https:\/\/bi-ge.ch\/index.php\/wp-json\/wp\/v2\/users\/1"}],"replies":[{"embeddable":true,"href":"https:\/\/bi-ge.ch\/index.php\/wp-json\/wp\/v2\/comments?post=122"}],"version-history":[{"count":4,"href":"https:\/\/bi-ge.ch\/index.php\/wp-json\/wp\/v2\/pages\/122\/revisions"}],"predecessor-version":[{"id":129,"href":"https:\/\/bi-ge.ch\/index.php\/wp-json\/wp\/v2\/pages\/122\/revisions\/129"}],"wp:attachment":[{"href":"https:\/\/bi-ge.ch\/index.php\/wp-json\/wp\/v2\/media?parent=122"}],"curies":[{"name":"wp","href":"https:\/\/api.w.org\/{rel}","templated":true}]}}